{"id":10,"date":"2025-02-07T14:56:56","date_gmt":"2025-02-07T14:56:56","guid":{"rendered":"http:\/\/sladie.cz.gds225.active24.cz\/?page_id=10"},"modified":"2025-05-26T17:14:48","modified_gmt":"2025-05-26T17:14:48","slug":"home","status":"publish","type":"page","link":"https:\/\/www.sladie.sk\/","title":{"rendered":"home"},"content":{"rendered":"<div class=\"snowfall\"><\/div>\n<div id=\"banner\">\n<h1 class=\"sladkost\">PRIRODZEN\u00c1 SLADKOS\u0164,<br \/>\nKTOR\u00c1 SP\u00c1JA GENER\u00c1CIE!<\/h1>\n<\/div>\n<div class=\"zelena\"><img loading=\"lazy\" decoding=\"async\" class=\"aligncenter size-full wp-image-241\" src=\"https:\/\/www.sladie.sk\/wp-content\/uploads\/2025\/05\/makety-sladi.png\" alt=\"SLADIE\" width=\"400\" height=\"250\" srcset=\"https:\/\/www.sladie.sk\/wp-content\/uploads\/2025\/05\/makety-sladi.png 400w, https:\/\/www.sladie.sk\/wp-content\/uploads\/2025\/05\/makety-sladi-300x188.png 300w\" sizes=\"auto, (max-width: 400px) 100vw, 400px\" \/><\/p>\n<p class=\"TextCenter f26\">Pon\u00faka prirodzene sladk\u00fa chu\u0165 pre t\u00fdch,<br \/>\nktor\u00fdm z\u00e1le\u017e\u00ed na zdravom \u017eivotnom \u0161t\u00fdle a vyv\u00e1\u017eenej strave.<\/p>\n<p class=\"TextCenter f18\"><strong>Perfektn\u00e1 vo\u013eba na zn\u00ed\u017eenie kal\u00f3ri\u00ed bez kompromisov v chuti!<\/strong><\/p>\n<div class=\"d800 TextCenter\">\n<p><strong>SLADIE \u2013 SLADIDLO V\u00ddBORNEJ CHUTI s unik\u00e1tnym zlo\u017een\u00edm = sukral\u00f3za + sladidlo zo st\u00e9vie<\/strong><br \/>\n<strong>SlaDIE je n\u00edzkokalorick\u00e9 tabletov\u00e9 sladidlo s obsahom sukral\u00f3zy a sladidla zo st\u00e9vie<\/strong> (steviozid, rebaudiozidy, Stevia rebaudiana). Je ur\u010den\u00e9 pre diabetikov a pre osoby, ktor\u00e9 akt\u00edvne obmedzuj\u00fa pr\u00edjem cukru. SlaDIE obsahuje nekalorick\u00e9 sladiace zlo\u017eky sukral\u00f3zu a st\u00e9viu (pr\u00edrodn\u00e9 l\u00e1tky steviozidy). Je vhodn\u00e1 pre sladenie k\u00e1vy, \u010dajov, v\u0161etk\u00fdch studen\u00fdch a tepl\u00fdch n\u00e1pojov.<\/p>\n<\/div>\n<div class=\"stred\">\n<div class=\"fajfka-container\"><img loading=\"lazy\" decoding=\"async\" src=\"\/wp-content\/uploads\/2025\/03\/makety-sladi.png\" alt=\"Sladie\" width=\"400\" height=\"250\" \/><strong>Pr\u00edpravok je vhodn\u00fd:<\/strong><\/p>\n<ul class=\"fajfka\">\n<li>pre osoby obmedzuj\u00face cukor,<\/li>\n<li>pri reduk\u010dnej di\u00e9te,<\/li>\n<li>v r\u00e1mci zdrav\u00e9ho \u017eivotn\u00e9ho \u0161t\u00fdlu,<\/li>\n<li>pre osoby s nadv\u00e1hou.<\/li>\n<\/ul>\n<\/div>\n<\/div>\n<div class=\"d800 TextCenter\">Konzum\u00e1cia potrav\u00edn\/n\u00e1pojov s obsahom sukral\u00f3zy namiesto cukru vedie k obmedzeniu n\u00e1rastu hladiny gluk\u00f3zy v krvi<br \/>\n(v porovnan\u00ed s konzum\u00e1ciou potrav\u00edn\/n\u00e1pojov obsahuj\u00facich cukor).<\/div>\n<\/div>\n<div class=\"clear\"><\/div>\n<div class=\"svetla nahoru60p dolu20p\">\n<h2 id=\"s\">Pre\u010do u\u017e\u00edva\u0165 SlaDIE sladidlo?<\/h2>\n<div class=\"container-sloz\">\n<div class=\"box\">ST\u00c9VIA<\/div>\n<div class=\"plus\">+<\/div>\n<div class=\"box\">SUKRAL\u00d3ZA<\/div>\n<\/div>\n<div class=\"stred\">\n<div class=\"bilafajfka-container nahoru20\">\n<ul class=\"bilafajfka\">\n<li>Forma tabliet: ide\u00e1lna pre sladenie k\u00e1vy, \u010dajov a v\u0161etk\u00fdch studen\u00fdch a tepl\u00fdch n\u00e1pojov<\/li>\n<li>Sladkos\u0165 jednej tablety zodpoved\u00e1 ly\u017ei\u010dke alebo kocke cukru<\/li>\n<li>Testovan\u00e1 v\u00fdborn\u00e1 chu\u0165 bez nepr\u00edjemn\u00fdch pachut\u00ed<\/li>\n<li>Bez kal\u00f3ri\u00ed: vhodn\u00e9 pre diabetikov, reduk\u010dn\u00e9 di\u00e9ty \u010di zdrav\u00e9 sladenie<\/li>\n<\/ul>\n<\/div>\n<p><strong>Akt\u00edvne l\u00e1tky:<\/strong> Sukral\u00f3za, sladidlo zo st\u00e9vie (steviozid, rebaudiozidy, Stevia rebaudiana).<\/p>\n<p><strong>Odpor\u00fa\u010dan\u00e9 d\u00e1vkovanie:<\/strong> 1 tableta slad\u00ed asi ako 1 \u010dajov\u00e1 ly\u017ei\u010dka alebo kocka cukru (4\u20136 g).<\/p>\n<p><strong>Upozornenie:<\/strong> Nevhodn\u00e9 pre osoby s nezn\u00e1\u0161anlivos\u0165ou lakt\u00f3zy. Usklad\u0148ujte mimo dosahu det\u00ed! V\u00fdrobok nie je ur\u010den\u00fd pre deti do 3 rokov. Nie je ur\u010den\u00e9 ako n\u00e1hrada pestrej stravy. Vhodn\u00e9 pre tehotn\u00e9 a doj\u010diace \u017eeny. U dospel\u00fdch neprekra\u010dujte denn\u00fa d\u00e1vku 60 tabliet.<\/p>\n<p><strong>Skladovanie:<\/strong> Skladujte v suchu a tme pri teplote +5 a\u017e +27 \u00b0C v dobre uzatvorenom obale.<\/p>\n<p><strong>Zlo\u017eenie:<\/strong> Plnidlo: lakt\u00f3za, sladidlo: sukral\u00f3za; mikrokry\u0161talick\u00e1 celul\u00f3za, sladidlo zo st\u00e9vie (steviozid, rebaudiozidy, Stevia rebaudiana), spev\u0148uj\u00faca l\u00e1tka: sodn\u00e1 so\u013e kroskarmel\u00f3zy, protihrudkuj\u00faca l\u00e1tka: stearan hore\u010dnat\u00fd.<\/p>\n<p><strong>Alerg\u00e9n:<\/strong> Lakt\u00f3za<\/p>\n<\/div>\n<\/div>\n<div class=\"svetla dolu40p nahoru80p\">\n<div class=\"dva-container\">\n<div class=\"dva\"><img loading=\"lazy\" decoding=\"async\" class=\"aligncenter size-full wp-image-236\" src=\"\/wp-content\/uploads\/2025\/05\/sladie_100.png\" alt=\"SLADIE 100\" width=\"255\" height=\"336\" srcset=\"https:\/\/www.sladie.sk\/wp-content\/uploads\/2025\/05\/sladie_100.png 255w, https:\/\/www.sladie.sk\/wp-content\/uploads\/2025\/05\/sladie_100-228x300.png 228w\" sizes=\"auto, (max-width: 255px) 100vw, 255px\" \/><\/p>\n<p class=\"TextCenter\">SlaDIE sladidlo 100 tbl.<\/p>\n<div class=\"container-kup\">\n<p>&nbsp;<\/p>\n<div class=\"box\"><a class=\"bila\" href=\"https:\/\/www.zlekarne.sk\/sladie-sladidlo-100-tbl\/\">K\u00daPI\u0164<\/a><\/div>\n<p>&nbsp;<\/p>\n<\/div>\n<\/div>\n<div class=\"dva\">\n<p><img loading=\"lazy\" decoding=\"async\" class=\"aligncenter size-full wp-image-238\" src=\"\/wp-content\/uploads\/2025\/05\/sladie_600.png\" alt=\"SlaDIE sladidlo 600+100 tbl. zadarmo\" width=\"255\" height=\"336\" srcset=\"https:\/\/www.sladie.sk\/wp-content\/uploads\/2025\/05\/sladie_600.png 255w, https:\/\/www.sladie.sk\/wp-content\/uploads\/2025\/05\/sladie_600-228x300.png 228w\" sizes=\"auto, (max-width: 255px) 100vw, 255px\" \/><\/p>\n<p class=\"TextCenter\">SlaDIE sladidlo 600+100 tbl. zadarmo<\/p>\n<div class=\"container-kup\">\n<p>&nbsp;<\/p>\n<div class=\"box\"><a class=\"bila\" href=\"https:\/\/www.zlekarne.sk\/sladie-sladidlo-600-100-tbl--zadarmo\/\">K\u00daPI\u0164<\/a><\/div>\n<p>&nbsp;<\/p>\n<\/div>\n<\/div>\n<\/div>\n<\/div>\n","protected":false},"excerpt":{"rendered":"<p>PRIRODZEN\u00c1 SLADKOS\u0164, KTOR\u00c1 SP\u00c1JA GENER\u00c1CIE! Pon\u00faka prirodzene sladk\u00fa chu\u0165 pre t\u00fdch, ktor\u00fdm z\u00e1le\u017e\u00ed na zdravom \u017eivotnom \u0161t\u00fdle a vyv\u00e1\u017eenej strave. Perfektn\u00e1 vo\u013eba na zn\u00ed\u017eenie kal\u00f3ri\u00ed bez kompromisov v chuti! SLADIE \u2013 SLADIDLO V\u00ddBORNEJ CHUTI s unik\u00e1tnym zlo\u017een\u00edm = sukral\u00f3za + sladidlo zo st\u00e9vie SlaDIE je n\u00edzkokalorick\u00e9 tabletov\u00e9 sladidlo s obsahom sukral\u00f3zy a sladidla zo st\u00e9vie&#8230;<\/p>\n","protected":false},"author":3,"featured_media":0,"parent":0,"menu_order":0,"comment_status":"closed","ping_status":"closed","template":"","meta":{"_monsterinsights_skip_tracking":false,"_monsterinsights_sitenote_active":false,"_monsterinsights_sitenote_note":"","_monsterinsights_sitenote_category":0,"_kad_post_transparent":"default","_kad_post_title":"default","_kad_post_layout":"default","_kad_post_sidebar_id":"","_kad_post_content_style":"default","_kad_post_vertical_padding":"default","_kad_post_feature":"","_kad_post_feature_position":"","_kad_post_header":false,"_kad_post_footer":false,"footnotes":""},"class_list":["post-10","page","type-page","status-publish","hentry"],"_links":{"self":[{"href":"https:\/\/www.sladie.sk\/index.php?rest_route=\/wp\/v2\/pages\/10","targetHints":{"allow":["GET"]}}],"collection":[{"href":"https:\/\/www.sladie.sk\/index.php?rest_route=\/wp\/v2\/pages"}],"about":[{"href":"https:\/\/www.sladie.sk\/index.php?rest_route=\/wp\/v2\/types\/page"}],"author":[{"embeddable":true,"href":"https:\/\/www.sladie.sk\/index.php?rest_route=\/wp\/v2\/users\/3"}],"replies":[{"embeddable":true,"href":"https:\/\/www.sladie.sk\/index.php?rest_route=%2Fwp%2Fv2%2Fcomments&post=10"}],"version-history":[{"count":168,"href":"https:\/\/www.sladie.sk\/index.php?rest_route=\/wp\/v2\/pages\/10\/revisions"}],"predecessor-version":[{"id":250,"href":"https:\/\/www.sladie.sk\/index.php?rest_route=\/wp\/v2\/pages\/10\/revisions\/250"}],"wp:attachment":[{"href":"https:\/\/www.sladie.sk\/index.php?rest_route=%2Fwp%2Fv2%2Fmedia&parent=10"}],"curies":[{"name":"wp","href":"https:\/\/api.w.org\/{rel}","templated":true}]}}